{"id":909,"date":"2026-02-18T16:52:22","date_gmt":"2026-02-18T13:52:22","guid":{"rendered":"https:\/\/ngndanismanlik.com\/?page_id=909"},"modified":"2026-02-18T17:05:06","modified_gmt":"2026-02-18T14:05:06","slug":"makaleler-2","status":"publish","type":"page","link":"https:\/\/ngndanismanlik.com\/?page_id=909","title":{"rendered":"MAKALELER"},"content":{"rendered":"\n<div class=\"wp-block-file\"><a id=\"wp-block-file--media-316f7302-30ca-4f6e-aa7a-f41a2811f1c1\" href=\"https:\/\/ngndanismanlik.com\/wp-content\/uploads\/2026\/02\/Z-Kusagina-Liderlik-Ederken.docx\">Z Ku\u015fa\u011f\u0131na Liderlik Ederken<\/a><a href=\"https:\/\/ngndanismanlik.com\/wp-content\/uploads\/2026\/02\/Z-Kusagina-Liderlik-Ederken.docx\" class=\"wp-block-file__button wp-element-button\" download aria-describedby=\"wp-block-file--media-316f7302-30ca-4f6e-aa7a-f41a2811f1c1\">\u0130ndir<\/a><\/div>\n\n\n\n<div class=\"wp-block-file\"><a id=\"wp-block-file--media-89b9a6de-68fd-45b8-9945-19c55651ba13\" href=\"https:\/\/ngndanismanlik.com\/wp-content\/uploads\/2026\/02\/Yeni-Calisma-Hayatinin-Sifreleri.docx\">Yeni \u00c7al\u0131\u015fma Hayat\u0131n\u0131n \u015eifreleri<\/a><a href=\"https:\/\/ngndanismanlik.com\/wp-content\/uploads\/2026\/02\/Yeni-Calisma-Hayatinin-Sifreleri.docx\" class=\"wp-block-file__button wp-element-button\" download aria-describedby=\"wp-block-file--media-89b9a6de-68fd-45b8-9945-19c55651ba13\">\u0130ndir<\/a><\/div>\n\n\n\n<div class=\"wp-block-file\"><a id=\"wp-block-file--media-88564324-9220-44a2-ae94-29d25783891d\" href=\"https:\/\/ngndanismanlik.com\/wp-content\/uploads\/2026\/02\/Kurumlar-Surdurulebilir-Olmak-Icin-Hangi-Aksiyonlari-Almalidir.docx\">Kurumlar S\u00fcrd\u00fcr\u00fclebilir Olmak \u0130\u00e7in Hangi Aksiyonlar\u0131 Almal\u0131d\u0131r<\/a><a href=\"https:\/\/ngndanismanlik.com\/wp-content\/uploads\/2026\/02\/Kurumlar-Surdurulebilir-Olmak-Icin-Hangi-Aksiyonlari-Almalidir.docx\" class=\"wp-block-file__button wp-element-button\" download aria-describedby=\"wp-block-file--media-88564324-9220-44a2-ae94-29d25783891d\">\u0130ndir<\/a><\/div>\n\n\n\n<div class=\"wp-block-file\"><a id=\"wp-block-file--media-a0d7c77e-d7b4-479d-ab49-3c360550df30\" href=\"https:\/\/ngndanismanlik.com\/wp-content\/uploads\/2026\/02\/Aile-Sirketleri.docx\">Aile \u015eirketleri<\/a><a href=\"https:\/\/ngndanismanlik.com\/wp-content\/uploads\/2026\/02\/Aile-Sirketleri.docx\" class=\"wp-block-file__button wp-element-button\" download aria-describedby=\"wp-block-file--media-a0d7c77e-d7b4-479d-ab49-3c360550df30\">\u0130ndir<\/a><\/div>\n","protected":false},"excerpt":{"rendered":"","protected":false},"author":1,"featured_media":0,"parent":0,"menu_order":0,"comment_status":"closed","ping_status":"closed","template":"","meta":{"footnotes":""},"class_list":["post-909","page","type-page","status-publish","hentry"],"_links":{"self":[{"href":"https:\/\/ngndanismanlik.com\/index.php?rest_route=\/wp\/v2\/pages\/909","targetHints":{"allow":["GET"]}}],"collection":[{"href":"https:\/\/ngndanismanlik.com\/index.php?rest_route=\/wp\/v2\/pages"}],"about":[{"href":"https:\/\/ngndanismanlik.com\/index.php?rest_route=\/wp\/v2\/types\/page"}],"author":[{"embeddable":true,"href":"https:\/\/ngndanismanlik.com\/index.php?rest_route=\/wp\/v2\/users\/1"}],"replies":[{"embeddable":true,"href":"https:\/\/ngndanismanlik.com\/index.php?rest_route=%2Fwp%2Fv2%2Fcomments&post=909"}],"version-history":[{"count":3,"href":"https:\/\/ngndanismanlik.com\/index.php?rest_route=\/wp\/v2\/pages\/909\/revisions"}],"predecessor-version":[{"id":918,"href":"https:\/\/ngndanismanlik.com\/index.php?rest_route=\/wp\/v2\/pages\/909\/revisions\/918"}],"wp:attachment":[{"href":"https:\/\/ngndanismanlik.com\/index.php?rest_route=%2Fwp%2Fv2%2Fmedia&parent=909"}],"curies":[{"name":"wp","href":"https:\/\/api.w.org\/{rel}","templated":true}]}}