{"id":872,"date":"2026-02-15T18:08:49","date_gmt":"2026-02-15T15:08:49","guid":{"rendered":"https:\/\/ngndanismanlik.com\/?page_id=872"},"modified":"2026-02-17T14:33:16","modified_gmt":"2026-02-17T11:33:16","slug":"calistay-ve-grup-calismalari","status":"publish","type":"page","link":"https:\/\/ngndanismanlik.com\/?page_id=872","title":{"rendered":"\u00c7al\u0131\u015ftay ve Grup \u00c7al\u0131\u015fmalar\u0131"},"content":{"rendered":"\n<p class=\"has-black-color has-text-color has-link-color has-medium-font-size wp-elements-d628f310a942aeca0c0004247d2b3125\">Kurumlar\u0131n farkl\u0131 birimlerinde \u00e7al\u0131\u015fanlar\u0131n\u0131 biraraya getirerek ortak bir konu \u00fczerinde \u00e7al\u0131\u015fmalar\u0131n\u0131, bilgilenmelerini, d\u00fc\u015f\u00fcnmelerini, \u00e7\u00f6z\u00fcm ve fikir \u00fcretmelerini sa\u011fl\u0131yoruz.\u00a0<\/p>\n","protected":false},"excerpt":{"rendered":"<p>Kurumlar\u0131n farkl\u0131 birimlerinde \u00e7al\u0131\u015fanlar\u0131n\u0131 biraraya getirerek ortak bir konu \u00fczerinde \u00e7al\u0131\u015fmalar\u0131n\u0131, bilgilenmelerini, d\u00fc\u015f\u00fcnmelerini, \u00e7\u00f6z\u00fcm ve fikir \u00fcretmelerini sa\u011fl\u0131yoruz.\u00a0<\/p>\n","protected":false},"author":1,"featured_media":0,"parent":0,"menu_order":0,"comment_status":"closed","ping_status":"closed","template":"","meta":{"footnotes":""},"class_list":["post-872","page","type-page","status-publish","hentry"],"_links":{"self":[{"href":"https:\/\/ngndanismanlik.com\/index.php?rest_route=\/wp\/v2\/pages\/872","targetHints":{"allow":["GET"]}}],"collection":[{"href":"https:\/\/ngndanismanlik.com\/index.php?rest_route=\/wp\/v2\/pages"}],"about":[{"href":"https:\/\/ngndanismanlik.com\/index.php?rest_route=\/wp\/v2\/types\/page"}],"author":[{"embeddable":true,"href":"https:\/\/ngndanismanlik.com\/index.php?rest_route=\/wp\/v2\/users\/1"}],"replies":[{"embeddable":true,"href":"https:\/\/ngndanismanlik.com\/index.php?rest_route=%2Fwp%2Fv2%2Fcomments&post=872"}],"version-history":[{"count":2,"href":"https:\/\/ngndanismanlik.com\/index.php?rest_route=\/wp\/v2\/pages\/872\/revisions"}],"predecessor-version":[{"id":893,"href":"https:\/\/ngndanismanlik.com\/index.php?rest_route=\/wp\/v2\/pages\/872\/revisions\/893"}],"wp:attachment":[{"href":"https:\/\/ngndanismanlik.com\/index.php?rest_route=%2Fwp%2Fv2%2Fmedia&parent=872"}],"curies":[{"name":"wp","href":"https:\/\/api.w.org\/{rel}","templated":true}]}}