{"id":849,"date":"2026-02-15T14:44:01","date_gmt":"2026-02-15T11:44:01","guid":{"rendered":"https:\/\/ngndanismanlik.com\/?page_id=849"},"modified":"2026-02-17T14:32:10","modified_gmt":"2026-02-17T11:32:10","slug":"atolye-ve-seminerler","status":"publish","type":"page","link":"https:\/\/ngndanismanlik.com\/?page_id=849","title":{"rendered":"At\u00f6lye ve Seminerler"},"content":{"rendered":"\n<p class=\"has-black-color has-text-color has-link-color has-medium-font-size wp-elements-82095ff8c31539f074c53ea02eabe697\">At\u00f6lyeler; \u00c7al\u0131\u015fanlar\u0131n\u0131z\u0131 motive etmek amac\u0131 ile g\u00fcn\u00fc birlik ya da bir ka\u00e7 saatlik payla\u015f\u0131mlar\u0131m\u0131z ile de yan\u0131n\u0131zday\u0131z. Bu \u00e7al\u0131\u015fmalar alan\u0131nda uzman Dan\u0131\u015fmanlar\u0131m\u0131z taraf\u0131ndan ihtiyaca g\u00f6re haftasonu ya da hafta i\u00e7i bir ka\u00e7 saatlik, yar\u0131m g\u00fcnl\u00fck veya tam g\u00fcn olarak  on-line ya da y\u00fcz y\u00fcze yap\u0131labilmektedir. <\/p>\n\n\n\n<p class=\"has-black-color has-text-color has-link-color has-medium-font-size wp-elements-40a2db4ac8a9721bdc5daf72e3df6479\">Seminerler ise \u00f6\u011fle aralar\u0131nda ya da sizlerin uygun g\u00f6rd\u00fc\u011f\u00fc saat aral\u0131klar\u0131nda \u00e7al\u0131\u015fanlar\u0131m\u0131z\u0131 bilgilendirmek ve ya motivasyon amac\u0131 ile 1-1,5 saat aral\u0131\u011f\u0131nda seminerlerdir.\u00a0<\/p>\n","protected":false},"excerpt":{"rendered":"<p>At\u00f6lyeler; \u00c7al\u0131\u015fanlar\u0131n\u0131z\u0131 motive etmek amac\u0131 ile g\u00fcn\u00fc birlik ya da bir ka\u00e7 saatlik payla\u015f\u0131mlar\u0131m\u0131z ile de yan\u0131n\u0131zday\u0131z. Bu \u00e7al\u0131\u015fmalar alan\u0131nda uzman Dan\u0131\u015fmanlar\u0131m\u0131z taraf\u0131ndan ihtiyaca g\u00f6re haftasonu ya da hafta i\u00e7i bir ka\u00e7 saatlik, yar\u0131m g\u00fcnl\u00fck veya tam g\u00fcn olarak on-line ya da y\u00fcz y\u00fcze yap\u0131labilmektedir. Seminerler ise \u00f6\u011fle aralar\u0131nda ya da sizlerin uygun g\u00f6rd\u00fc\u011f\u00fc saat&hellip; <br \/> <a class=\"read-more\" href=\"https:\/\/ngndanismanlik.com\/?page_id=849\">Devam\u0131<\/a><\/p>\n","protected":false},"author":1,"featured_media":0,"parent":0,"menu_order":0,"comment_status":"closed","ping_status":"closed","template":"","meta":{"footnotes":""},"class_list":["post-849","page","type-page","status-publish","hentry"],"_links":{"self":[{"href":"https:\/\/ngndanismanlik.com\/index.php?rest_route=\/wp\/v2\/pages\/849","targetHints":{"allow":["GET"]}}],"collection":[{"href":"https:\/\/ngndanismanlik.com\/index.php?rest_route=\/wp\/v2\/pages"}],"about":[{"href":"https:\/\/ngndanismanlik.com\/index.php?rest_route=\/wp\/v2\/types\/page"}],"author":[{"embeddable":true,"href":"https:\/\/ngndanismanlik.com\/index.php?rest_route=\/wp\/v2\/users\/1"}],"replies":[{"embeddable":true,"href":"https:\/\/ngndanismanlik.com\/index.php?rest_route=%2Fwp%2Fv2%2Fcomments&post=849"}],"version-history":[{"count":4,"href":"https:\/\/ngndanismanlik.com\/index.php?rest_route=\/wp\/v2\/pages\/849\/revisions"}],"predecessor-version":[{"id":891,"href":"https:\/\/ngndanismanlik.com\/index.php?rest_route=\/wp\/v2\/pages\/849\/revisions\/891"}],"wp:attachment":[{"href":"https:\/\/ngndanismanlik.com\/index.php?rest_route=%2Fwp%2Fv2%2Fmedia&parent=849"}],"curies":[{"name":"wp","href":"https:\/\/api.w.org\/{rel}","templated":true}]}}