{"id":848,"date":"2026-02-15T14:44:01","date_gmt":"2026-02-15T11:44:01","guid":{"rendered":"https:\/\/ngndanismanlik.com\/?page_id=848"},"modified":"2026-02-15T17:54:45","modified_gmt":"2026-02-15T14:54:45","slug":"dijital-egitim","status":"publish","type":"page","link":"https:\/\/ngndanismanlik.com\/?page_id=848","title":{"rendered":"Dijital E\u011fitim"},"content":{"rendered":"\n<p class=\"has-black-color has-text-color has-link-color has-medium-font-size wp-elements-8fc1373e91b2f4d05670ebb1b4206f8d\">\u0130ster s\u0131n\u0131f i\u00e7i bir e\u011fitimi e-\u00f6\u011frenmeye \u00e7evirmek isteyin isterse uygulad\u0131\u011f\u0131n\u0131z Kurum i\u00e7i s\u0131navlar\u0131 e-\u00f6\u011frenmeye \u00e7evirebiliyoruz. <\/p>\n\n\n\n<p class=\"has-black-color has-text-color has-link-color has-medium-font-size wp-elements-55849935f74c014e7d1d6b55f4f0e972\">Konusunda uzman Dan\u0131\u015fmanlar\u0131m\u0131z taraf\u0131ndan i\u00e7erikler geli\u015ftirilebildi\u011fi gibi sizden de haz\u0131r i\u00e7erikleri alarak \u201cAnimasyon Tabanl\u0131 Dijital Makro \/ Mikro \u00d6\u011frenme E\u011fitimleri\u201d haz\u0131rlamaktay\u0131z. <\/p>\n\n\n\n<p class=\"has-black-color has-text-color has-link-color has-medium-font-size wp-elements-4ea665254b0429bee70a1a8117d19f3f\">Ya da haz\u0131r olan katalo\u011fumuzdan se\u00e7ilen e\u011fitimleri LMS ortam\u0131na uyarlayabilmekteyiz. <\/p>\n\n\n\n<p><\/p>\n","protected":false},"excerpt":{"rendered":"<p>\u0130ster s\u0131n\u0131f i\u00e7i bir e\u011fitimi e-\u00f6\u011frenmeye \u00e7evirmek isteyin isterse uygulad\u0131\u011f\u0131n\u0131z Kurum i\u00e7i s\u0131navlar\u0131 e-\u00f6\u011frenmeye \u00e7evirebiliyoruz. Konusunda uzman Dan\u0131\u015fmanlar\u0131m\u0131z taraf\u0131ndan i\u00e7erikler geli\u015ftirilebildi\u011fi gibi sizden de haz\u0131r i\u00e7erikleri alarak \u201cAnimasyon Tabanl\u0131 Dijital Makro \/ Mikro \u00d6\u011frenme E\u011fitimleri\u201d haz\u0131rlamaktay\u0131z. Ya da haz\u0131r olan katalo\u011fumuzdan se\u00e7ilen e\u011fitimleri LMS ortam\u0131na uyarlayabilmekteyiz.<\/p>\n","protected":false},"author":1,"featured_media":0,"parent":0,"menu_order":0,"comment_status":"closed","ping_status":"closed","template":"","meta":{"footnotes":""},"class_list":["post-848","page","type-page","status-publish","hentry"],"_links":{"self":[{"href":"https:\/\/ngndanismanlik.com\/index.php?rest_route=\/wp\/v2\/pages\/848","targetHints":{"allow":["GET"]}}],"collection":[{"href":"https:\/\/ngndanismanlik.com\/index.php?rest_route=\/wp\/v2\/pages"}],"about":[{"href":"https:\/\/ngndanismanlik.com\/index.php?rest_route=\/wp\/v2\/types\/page"}],"author":[{"embeddable":true,"href":"https:\/\/ngndanismanlik.com\/index.php?rest_route=\/wp\/v2\/users\/1"}],"replies":[{"embeddable":true,"href":"https:\/\/ngndanismanlik.com\/index.php?rest_route=%2Fwp%2Fv2%2Fcomments&post=848"}],"version-history":[{"count":2,"href":"https:\/\/ngndanismanlik.com\/index.php?rest_route=\/wp\/v2\/pages\/848\/revisions"}],"predecessor-version":[{"id":860,"href":"https:\/\/ngndanismanlik.com\/index.php?rest_route=\/wp\/v2\/pages\/848\/revisions\/860"}],"wp:attachment":[{"href":"https:\/\/ngndanismanlik.com\/index.php?rest_route=%2Fwp%2Fv2%2Fmedia&parent=848"}],"curies":[{"name":"wp","href":"https:\/\/api.w.org\/{rel}","templated":true}]}}