{"id":836,"date":"2026-02-15T14:21:11","date_gmt":"2026-02-15T11:21:11","guid":{"rendered":"https:\/\/ngndanismanlik.com\/?page_id=836"},"modified":"2026-02-17T14:32:52","modified_gmt":"2026-02-17T11:32:52","slug":"alan-uzmanliklari-2","status":"publish","type":"page","link":"https:\/\/ngndanismanlik.com\/?page_id=836","title":{"rendered":"Alan Uzmanl\u0131klar\u0131"},"content":{"rendered":"\n<p class=\"has-black-color has-text-color has-link-color has-medium-font-size wp-elements-24e7ec03aeff852e90d5bdc867f65ed2\">Kurumlar\u0131m\u0131za \u015eirket yap\u0131lanmalar\u0131na ba\u011fl\u0131 olarak;<\/p>\n\n\n\n<ul class=\"wp-block-list\">\n<li class=\"has-black-color has-text-color has-link-color has-medium-font-size wp-elements-fc077d22e3927ec89447946fe257fc0c\">Sat\u0131\u015f ve Pazarlama<\/li>\n\n\n\n<li class=\"has-black-color has-text-color has-link-color has-medium-font-size wp-elements-9b16bef5b4720a5a555d738587a2ff57\">M\u00fc\u015fteri Hizmetleri<\/li>\n\n\n\n<li class=\"has-black-color has-text-color has-link-color has-medium-font-size wp-elements-9e0982db117ad53c5cb7f8e9667c32d2\">Sat\u0131n Alma<\/li>\n\n\n\n<li class=\"has-black-color has-text-color has-link-color has-medium-font-size wp-elements-9e88ccf2d2bb98209cf8bf7cdd72ff6d\">Finans<\/li>\n\n\n\n<li class=\"has-black-color has-text-color has-link-color has-medium-font-size wp-elements-08429783b905c3e764859c4bf0ba9dfa\">\u0130nsan Kaynaklar\u0131 ve<\/li>\n\n\n\n<li class=\"has-black-color has-text-color has-link-color has-medium-font-size wp-elements-e49885bab7186e2fa6f2b9c6f778f48b\">E\u011fitim <\/li>\n<\/ul>\n\n\n\n<p class=\"has-black-color has-text-color has-link-color has-medium-font-size wp-elements-5a256e4bd670096c783228e2164ff10e\">alanlar\u0131nda ihtiyaca binaen destek olmaktay\u0131z. <\/p>\n\n\n\n<p class=\"has-black-color has-text-color has-link-color has-medium-font-size wp-elements-7df1892c8d4b05cbed0079531fb88110\">Ayr\u0131ca Mavi Yaka \u00e7al\u0131\u015fanlar\u0131m\u0131z i\u00e7inde \u00e7al\u0131\u015fmalar\u0131m\u0131z bulunmaktad\u0131r. <\/p>\n\n\n\n<p><\/p>\n","protected":false},"excerpt":{"rendered":"<p>Kurumlar\u0131m\u0131za \u015eirket yap\u0131lanmalar\u0131na ba\u011fl\u0131 olarak; alanlar\u0131nda ihtiyaca binaen destek olmaktay\u0131z. Ayr\u0131ca Mavi Yaka \u00e7al\u0131\u015fanlar\u0131m\u0131z i\u00e7inde \u00e7al\u0131\u015fmalar\u0131m\u0131z bulunmaktad\u0131r.<\/p>\n","protected":false},"author":1,"featured_media":0,"parent":0,"menu_order":0,"comment_status":"closed","ping_status":"closed","template":"","meta":{"footnotes":""},"class_list":["post-836","page","type-page","status-publish","hentry"],"_links":{"self":[{"href":"https:\/\/ngndanismanlik.com\/index.php?rest_route=\/wp\/v2\/pages\/836","targetHints":{"allow":["GET"]}}],"collection":[{"href":"https:\/\/ngndanismanlik.com\/index.php?rest_route=\/wp\/v2\/pages"}],"about":[{"href":"https:\/\/ngndanismanlik.com\/index.php?rest_route=\/wp\/v2\/types\/page"}],"author":[{"embeddable":true,"href":"https:\/\/ngndanismanlik.com\/index.php?rest_route=\/wp\/v2\/users\/1"}],"replies":[{"embeddable":true,"href":"https:\/\/ngndanismanlik.com\/index.php?rest_route=%2Fwp%2Fv2%2Fcomments&post=836"}],"version-history":[{"count":4,"href":"https:\/\/ngndanismanlik.com\/index.php?rest_route=\/wp\/v2\/pages\/836\/revisions"}],"predecessor-version":[{"id":892,"href":"https:\/\/ngndanismanlik.com\/index.php?rest_route=\/wp\/v2\/pages\/836\/revisions\/892"}],"wp:attachment":[{"href":"https:\/\/ngndanismanlik.com\/index.php?rest_route=%2Fwp%2Fv2%2Fmedia&parent=836"}],"curies":[{"name":"wp","href":"https:\/\/api.w.org\/{rel}","templated":true}]}}