{"id":8,"date":"2023-03-22T18:38:58","date_gmt":"2023-03-22T15:38:58","guid":{"rendered":"https:\/\/ngndanismanlik.com\/?page_id=8"},"modified":"2026-02-18T16:52:22","modified_gmt":"2026-02-18T13:52:22","slug":"mesmerize","status":"publish","type":"page","link":"https:\/\/ngndanismanlik.com\/","title":{"rendered":"NGN DANI\u015eMANLIK"},"content":{"rendered":"<p  class=\"has-black-color has-text-color has-link-color has-medium-font-size wp-elements-1a88ce4a42ede816aef1ebb51bc12f11\">&nbsp; &nbsp; &nbsp; &nbsp; &nbsp; &nbsp; &nbsp; &nbsp; &nbsp; &nbsp; &nbsp; &nbsp; &nbsp; &nbsp; &nbsp; &nbsp; &nbsp; &nbsp; &nbsp; &nbsp; &nbsp; &nbsp; &nbsp; &nbsp; &nbsp; &nbsp; &nbsp; &nbsp; &nbsp; &nbsp; &nbsp; &nbsp; &nbsp; &nbsp; &nbsp; &nbsp; &nbsp; &nbsp; &nbsp; &nbsp; &nbsp; &nbsp; &nbsp; &nbsp; &nbsp; &nbsp; &nbsp; &nbsp; &nbsp; &nbsp; &nbsp; &nbsp; &nbsp;N: Networking<\/p><p  class=\"has-black-color has-text-color has-link-color has-medium-font-size wp-elements-5213f46763015403a74a1fde1cc2b68d\">&nbsp; &nbsp; &nbsp; &nbsp; &nbsp; &nbsp; &nbsp; &nbsp; &nbsp; &nbsp; &nbsp; &nbsp; &nbsp; &nbsp; &nbsp; &nbsp; &nbsp; &nbsp; &nbsp; &nbsp; &nbsp; &nbsp; &nbsp; &nbsp; &nbsp; &nbsp; &nbsp; &nbsp; &nbsp; &nbsp; &nbsp; &nbsp; &nbsp; &nbsp; &nbsp; &nbsp; &nbsp; &nbsp; &nbsp; &nbsp; &nbsp; &nbsp; &nbsp; &nbsp; &nbsp; &nbsp; &nbsp; &nbsp; &nbsp; &nbsp; &nbsp; &nbsp; &nbsp; &nbsp; &nbsp;G: Growth<\/p><p  class=\"has-black-color has-text-color has-link-color has-medium-font-size wp-elements-9cd0c516d149dd767ff821a52c8577aa\">&nbsp; &nbsp; &nbsp; &nbsp; &nbsp; &nbsp; &nbsp; &nbsp; &nbsp; &nbsp; &nbsp; &nbsp; &nbsp; &nbsp; &nbsp; &nbsp; &nbsp; &nbsp; &nbsp; &nbsp; &nbsp; &nbsp; &nbsp; &nbsp; &nbsp; &nbsp; &nbsp; &nbsp; &nbsp; &nbsp; &nbsp; &nbsp; &nbsp; &nbsp; &nbsp; &nbsp; &nbsp; &nbsp; &nbsp; &nbsp; &nbsp; &nbsp; &nbsp; &nbsp; &nbsp; &nbsp; &nbsp; &nbsp; &nbsp; &nbsp; &nbsp; &nbsp; &nbsp;N: Nimbleness<\/p><p  class=\"has-black-color has-text-color has-link-color has-medium-font-size wp-elements-5df090d0f2f732639b616368fcf2c0d9\">&nbsp; &nbsp; &nbsp; &nbsp; &nbsp; &nbsp; &nbsp; &nbsp; &nbsp; &nbsp; &nbsp; &nbsp; &nbsp; &nbsp; &nbsp; &nbsp; &nbsp; &nbsp; &nbsp; &nbsp; &nbsp; &nbsp; &nbsp; &nbsp; &nbsp; &nbsp; &nbsp; &nbsp; &nbsp; &nbsp; &nbsp; &nbsp; &nbsp; &nbsp;A\u011f\u0131m\u0131z\u0131 geni\u015fleterek \u00c7evik bir \u015fekilde payda\u015flar\u0131m\u0131za B\u00fcy\u00fcyoruz.<\/p><div  data-label=\"Overlappable\" data-id=\"overlappable--1\" data-export-id=\"overlappable-4-mc\" data-category=\"overlappable\" class=\"overlappable-4-mc content-section content-section-spacing\" data-overlap=\"true\" id=\"overlappable-1\" style=\"background-color: rgb(255, 255, 255);\">\n<div  class=\"gridContainer\">\n<div  data-type=\"row\" class=\"row spaced-cols text-center\">\n<div  class=\"col-xs-12 col-sm-4 col-padding\"> <i  class=\"fa icon fa-clone large shadow-large-black round aligncenter reverse color1\"><\/i>\n<div  data-type=\"column\" class=\"\">\n<h5  class=\"font-400\">B\u00dcT\u00dcNSEL H\u0130ZMET<\/h5>\n<p  class=\"\">\u015eirketinizin geli\u015fim ihtiya\u00e7lar\u0131na y\u00f6nelik olarak hem s\u0131n\u0131f i\u00e7i hem de on-line e\u011fitimlerimiz, yap\u0131lanma ve \u00f6l\u00e7me faaliyetlerimiz ile yan\u0131n\u0131zday\u0131z.\u015eirketinizin geli\u015fim ihtiya\u00e7lar\u0131na y\u00f6nelik olarak hem s\u0131n\u0131f i\u00e7i hem de on-line e\u011fitimlerimiz, yap\u0131lanma ve \u00f6l\u00e7me faaliyetlerimiz ile yan\u0131n\u0131zday\u0131z.<\/p>\n\n<\/div>\n<\/div>\n<div  class=\"col-xs-12 col-sm-4 col-padding\"> <i  class=\"fa icon fa-cogs large shadow-large-black round aligncenter reverse color2\"><\/i>\n<div  data-type=\"column\" class=\"\">\n<h5  class=\"font-400\">\u0130HT\u0130YACA Y\u00d6NEL\u0130K TASARIMLAR<\/h5>\n<p  class=\"\">\u015eirketinizin stratejik \u00f6nceliklerine g\u00f6re \u00e7al\u0131\u015fanlar\u0131n\u0131z\u0131n bilgi, beceri ve davran\u0131\u015f geli\u015fimine y\u00f6nelik butik \u00e7\u00f6z\u00fcmleri E\u011fitim Tasar\u0131m Uzmanlar\u0131m\u0131z taraf\u0131ndan \u00fcretebiliyoruz.<\/p>\n\n<\/div>\n<\/div>\n<div  class=\"col-xs-12 col-sm-4 col-padding\"> <i  class=\"fa icon fa-magic large shadow-large-black round aligncenter reverse color4\"><\/i>\n<div  data-type=\"column\" class=\"\">\n<h5  class=\"font-400\">\u00c7\u00d6Z\u00dcM ODAKLI YAKLA\u015eIM<\/h5>\n<p  class=\"\">M\u00fc\u015fterimizi dinleyerek soruna y\u00f6nelik analizlerimizi yaparak efektif sonu\u00e7lar \u00fcretiyoruz.M\u00fc\u015fterimizi dinleyerek soruna y\u00f6nelik analizlerimizi yaparak efektif sonu\u00e7lar \u00fcretiyoruz.<\/p>\n\n<\/div>\n<\/div>\n<\/div>\n<\/div>\n<\/div><div  data-label=\"Features\" data-id=\"features--1\" data-export-id=\"features-13\" data-category=\"features\" class=\"features-13 content-section content-section-spacing\" id=\"features-1\" style=\"background-color: rgb(245, 250, 253);\">\n<div  class=\"gridContainer\">\n<div  class=\"row text-center\">\n<div  class=\"section-title-col\" data-type=\"column\">\n<h2  class=\"\">NGN Dan\u0131\u015fmanl\u0131k<\/h2>\n<p  class=\"lead\">K\u00fcreselle\u015fme ile birlikte artan rekabet, kaliteyi, geli\u015fimi ve bilginin etkin y\u00f6netilmesini ve kullan\u0131m\u0131n\u0131 her alanda zorunlu hale getirmi\u015ftir. D\u00fcnyadaki bu de\u011fi\u015fim \u015firketlerin faaliyet g\u00f6sterdikleri alanlarda verimli olmalar\u0131n\u0131, bir ba\u015fka deyi\u015fle \u201cherkesin yapt\u0131\u011f\u0131 i\u015fi herkesten daha iyi ve daha farkl\u0131\u201d yapmalar\u0131n\u0131\u201d ka\u00e7\u0131n\u0131lmaz k\u0131lmaktad\u0131r. Bu da i\u015fletmeleri h\u0131zl\u0131 bir de\u011fi\u015fim ve d\u00f6n\u00fc\u015f\u00fcme, bir aile \u015firketi veya ortakl\u0131k yap\u0131s\u0131nda iseniz bir dizi kural setlerine, kurumsalla\u015fmaya, b\u00fct\u00e7enizi do\u011fru y\u00f6netmeye ve insan kayna\u011f\u0131n\u0131z\u0131 efektif bir \u015fekilde se\u00e7erek yeti\u015ftirmenizi ka\u00e7\u0131n\u0131lmaz hale getirmektedir.<\/p>\n\n<\/div>\n<\/div>\n<div  class=\"row spaced-cols center-sm content-center-sm\" data-type=\"row\">\n<div  class=\"col col-sm-6 col-md-3 space-bottom\"> <i  class=\"fa icon fa-connectdevelop big round bordered color1\"><\/i>\n<h4  class=\"\">M\u0130SYONUMUZ<\/h4>\n<p  class=\"\">\u015eirketlerimizin s\u00fcrd\u00fcr\u00fclebilirli\u011fi i\u00e7in payda\u015flar\u0131m\u0131z\u0131n gelece\u011fi olu\u015fturmalar\u0131na yard\u0131mc\u0131 oluyoruz.\u015eirketlerimizin s\u00fcrd\u00fcr\u00fclebilirli\u011fi i\u00e7in payda\u015flar\u0131m\u0131z\u0131n gelece\u011fi olu\u015fturmalar\u0131na yard\u0131mc\u0131 oluyoruz.<\/p>\n\n<\/div>\n<div  class=\"col col-sm-6 col-md-3 space-bottom\"><i  class=\"fa icon fa-connectdevelop big round bordered color1\"><\/i>\n<h4  class=\"\">V\u0130ZYONUMUZ<\/h4>\n<p  class=\"\">\u00c7a\u011f\u0131n gerektirdi\u011fi ko\u015fullar\u0131 uygulayan g\u00fcvenilen ve tercih edilen bir dan\u0131\u015fmanl\u0131k \u015firketi olmak\u00c7a\u011f\u0131n gerektirdi\u011fi ko\u015fullar\u0131 uygulayan g\u00fcvenilen ve tercih edilen bir dan\u0131\u015fmanl\u0131k \u015firketi olmak<\/p>\n\n<\/div>\n<div  class=\"col col-sm-6 col-md-3 space-bottom\"><i  class=\"fa icon fa-connectdevelop big round bordered color1\"><\/i>\n<h4  class=\"\">\u0130LKELER\u0130M\u0130Z<\/h4>\n<p  class=\"\">NGN; ilkelerinden \u00f6d\u00fcn vermeden organizasyonlar\u0131n ve ki\u015filerin geli\u015fimi i\u00e7in t\u00fcm bilgi birikimi ile gayretini ortaya koyar. \u0130lkelerimiz;\n\u2022\t\u0130nsan odakl\u0131,\n\u2022\tEtik,\n\u2022\tGeli\u015fime a\u00e7\u0131k,\n\u2022\t\u00c7\u00f6z\u00fcm odakl\u0131,\n\u2022\tG\u00fcven<\/p>\n\n<\/div>\n<\/div>\n<\/div>\n<\/div><div  data-label=\"Features\" data-id=\"features--2\" data-export-id=\"features-16-card-bordered-mc\" data-category=\"features\" class=\"features-16-card-bordered-mc content-section content-section-spacing\" id=\"features-2\" style=\"background-color: rgb(255, 255, 255);\">\n<div  class=\"gridContainer\">\n<div  class=\"row text-center\">\n<div  class=\"section-title-col\" data-type=\"column\">\n<h2  class=\"\">KURUMSAL \u00c7\u00d6Z\u00dcMLER\u0130M\u0130Z<\/h2>\n<\/div>\n<\/div>\n<div  class=\"row spaced-cols\" data-type=\"row\">\n<div  class=\"col-xs-12 col-sm-6 col-md-4\">\n<div  class=\"card no-padding bordered y-move\"> <img  decoding=\"async\" class=\"face\" src=\"https:\/\/ngndanismanlik.com\/wp-content\/themes\/highlight\/customizer\/sections\/images\/agreement-2548139_1920.jpg\">\n<div  data-type=\"column\" class=\"col-padding-small col-padding-small-xs description-container\">\n<h4  class=\"font-500\">Y\u00d6NET\u0130M DANI\u015eMANLI\u011eI<\/h4>\n<\/div>\n<div  data-type=\"column\" class=\"col-padding-small col-padding-small-xs read-more-container\"><\/div>\n<\/div>\n<\/div>\n<div  class=\"col-xs-12 col-sm-6 col-md-4\">\n<div  class=\"card no-padding bordered y-move\"> <img  decoding=\"async\" class=\"face\" src=\"https:\/\/ngndanismanlik.com\/wp-content\/themes\/highlight\/customizer\/sections\/images\/pencils-452238_1920.jpg\">\n<div  data-type=\"column\" class=\"col-padding-small col-padding-small-xs description-container\">\n<h4  class=\"font-500\">KURUMSAL E\u011e\u0130T\u0130MLER<\/h4>\n<\/div>\n<div  data-type=\"column\" class=\"col-padding-small col-padding-small-xs read-more-container\"><\/div>\n<\/div>\n<\/div>\n<div  class=\"col-xs-12 col-sm-6 col-md-4\">\n<div  class=\"card no-padding bordered y-move\"> <img  decoding=\"async\" class=\"face\" src=\"https:\/\/ngndanismanlik.com\/wp-content\/themes\/highlight\/customizer\/sections\/images\/cropped-startup-849804_1920.jpg\">\n<div  data-type=\"column\" class=\"col-padding-small col-padding-small-xs description-container\">\n<h4  class=\"font-500\">\u00d6L\u00c7ME &amp; DE\u011eERLEND\u0130RME \u2013 Assessment<\/h4>\n<\/div>\n<div  data-type=\"column\" class=\"col-padding-small col-padding-small-xs read-more-container\"><\/div>\n<\/div>\n<\/div>\n<\/div>\n<\/div>\n<\/div><p  class=\"has-text-align-center has-black-color has-text-color has-link-color has-medium-font-size wp-elements-35e795ce17bfdcc192812fb389aec86f\">\n<\/p><p  class=\"has-text-align-center has-black-color has-white-background-color has-text-color has-background has-medium-font-size\">\n<\/p><p  class=\"has-vivid-red-color has-text-color has-link-color has-medium-font-size wp-elements-2c16a82b9668c6a90fd90bf73a3143d7\"><strong >&nbsp; &nbsp; &nbsp; &nbsp; &nbsp; &nbsp; &nbsp; &nbsp; &nbsp; &nbsp; &nbsp; &nbsp; &nbsp; &nbsp; &nbsp; &nbsp; &nbsp; &nbsp; &nbsp; &nbsp; &nbsp; &nbsp; &nbsp; &nbsp; &nbsp; &nbsp; &nbsp; &nbsp; &nbsp; &nbsp; &nbsp; &nbsp; &nbsp; &nbsp; &nbsp; &nbsp; &nbsp; &nbsp; &nbsp; &nbsp;<\/strong><\/p><p  class=\"has-black-color has-text-color has-link-color has-medium-font-size wp-elements-4851ac2f1853625707c5faa75fcdb6a4\">&nbsp; &nbsp; &nbsp; &nbsp;<\/p><p  class=\"has-vivid-red-color has-text-color has-link-color has-medium-font-size wp-elements-bbbaf5029d06d24adc065382273606e3\"><strong >&nbsp; &nbsp; &nbsp; &nbsp; &nbsp; &nbsp; &nbsp; &nbsp; &nbsp; &nbsp; &nbsp; &nbsp; &nbsp; &nbsp; &nbsp; &nbsp; &nbsp; &nbsp; &nbsp; &nbsp; &nbsp; &nbsp; &nbsp; &nbsp; &nbsp; &nbsp; &nbsp; &nbsp; &nbsp; &nbsp; &nbsp; &nbsp; &nbsp; &nbsp; &nbsp; &nbsp; &nbsp; &nbsp; &nbsp;&nbsp;<\/strong><\/p><p  class=\"has-black-color has-text-color has-link-color has-medium-font-size wp-elements-bf1f0d7e0ad51360cfcfeff3de738e1d\">&nbsp; &nbsp; &nbsp; &nbsp; &nbsp; &nbsp; &nbsp; &nbsp; &nbsp;<\/p><p  class=\"has-vivid-red-color has-text-color has-link-color has-medium-font-size wp-elements-d2663d734abec10e5563eca017b6587e\"><strong >&nbsp; &nbsp; &nbsp; &nbsp; &nbsp; &nbsp; &nbsp; &nbsp; &nbsp; &nbsp; &nbsp; &nbsp; &nbsp; &nbsp; &nbsp; &nbsp; &nbsp; &nbsp; &nbsp; &nbsp; &nbsp; &nbsp; &nbsp; &nbsp; &nbsp; &nbsp; &nbsp; &nbsp; &nbsp; &nbsp; &nbsp; &nbsp; &nbsp; &nbsp; &nbsp; &nbsp; &nbsp; &nbsp; &nbsp; &nbsp; &nbsp;&nbsp;<\/strong><\/p><p  class=\"has-black-color has-text-color has-link-color has-medium-font-size wp-elements-cdab905861b46bf54ba47d836f3da450\">\n<\/p><ul  class=\"wp-block-list\"><\/ul>","protected":false},"excerpt":{"rendered":"<p>&nbsp; &nbsp; &nbsp; &nbsp; &nbsp; &nbsp; &nbsp; &nbsp; &nbsp; &nbsp; &nbsp; &nbsp; &nbsp; &nbsp; &nbsp; &nbsp; &nbsp; &nbsp; &nbsp; &nbsp; &nbsp; &nbsp; &nbsp; &nbsp; &nbsp; &nbsp; &nbsp; &nbsp; &nbsp; &nbsp; &nbsp; &nbsp; &nbsp; &nbsp; &nbsp; &nbsp; &nbsp; &nbsp; &nbsp; &nbsp; &nbsp; &nbsp; &nbsp; &nbsp; &nbsp; &nbsp; &nbsp; &nbsp; &nbsp; &nbsp; &nbsp; &nbsp; &nbsp;N: Networking&nbsp; &nbsp;&hellip; <br \/> <a class=\"read-more\" href=\"https:\/\/ngndanismanlik.com\/\">Devam\u0131<\/a><\/p>\n","protected":false},"author":1,"featured_media":0,"parent":0,"menu_order":0,"comment_status":"closed","ping_status":"closed","template":"","meta":{"footnotes":""},"class_list":["post-8","page","type-page","status-publish","hentry"],"_links":{"self":[{"href":"https:\/\/ngndanismanlik.com\/index.php?rest_route=\/wp\/v2\/pages\/8","targetHints":{"allow":["GET"]}}],"collection":[{"href":"https:\/\/ngndanismanlik.com\/index.php?rest_route=\/wp\/v2\/pages"}],"about":[{"href":"https:\/\/ngndanismanlik.com\/index.php?rest_route=\/wp\/v2\/types\/page"}],"author":[{"embeddable":true,"href":"https:\/\/ngndanismanlik.com\/index.php?rest_route=\/wp\/v2\/users\/1"}],"replies":[{"embeddable":true,"href":"https:\/\/ngndanismanlik.com\/index.php?rest_route=%2Fwp%2Fv2%2Fcomments&post=8"}],"version-history":[{"count":48,"href":"https:\/\/ngndanismanlik.com\/index.php?rest_route=\/wp\/v2\/pages\/8\/revisions"}],"predecessor-version":[{"id":890,"href":"https:\/\/ngndanismanlik.com\/index.php?rest_route=\/wp\/v2\/pages\/8\/revisions\/890"}],"wp:attachment":[{"href":"https:\/\/ngndanismanlik.com\/index.php?rest_route=%2Fwp%2Fv2%2Fmedia&parent=8"}],"curies":[{"name":"wp","href":"https:\/\/api.w.org\/{rel}","templated":true}]}}