{"id":789,"date":"2026-02-15T13:18:26","date_gmt":"2026-02-15T10:18:26","guid":{"rendered":"https:\/\/ngndanismanlik.com\/?page_id=789"},"modified":"2026-02-17T14:38:19","modified_gmt":"2026-02-17T11:38:19","slug":"sik-sorulan-sorular","status":"publish","type":"page","link":"https:\/\/ngndanismanlik.com\/?page_id=789","title":{"rendered":"S\u0131k Sorulan Sorular"},"content":{"rendered":"\n<p class=\"has-black-color has-text-color has-link-color has-medium-font-size wp-elements-9f2aa216eb17379d377eb4ab910cf758\">Kurumsal e\u011fitimler hakk\u0131nda merak ettikleriniz ve e\u011fitim s\u00fcre\u00e7lerimizle ilgili detayl\u0131 bilgilere buradan ula\u015fabilirsiniz:<\/p>\n\n\n\n<details class=\"wp-block-details has-black-color has-text-color has-link-color has-medium-font-size wp-elements-5f2e4210fce0f7f587818d6f63f6c559 is-layout-flow wp-block-details-is-layout-flow\"><summary><strong>E\u011fitim taleplerini al\u0131rken s\u00fcreciniz nedir?<\/strong><\/summary>\n<p class=\"has-black-color has-text-color has-link-color has-medium-font-size wp-elements-1b21728c72236f364a7f81646e2a6004\">Talep ile Firmam\u0131za ba\u015fvurman\u0131z ard\u0131ndan sizinle taslak bir i\u00e7erik, teklif ve konu uzman\u0131 e\u011fitmen \u00f6zge\u00e7mi\u015fi payla\u015f\u0131l\u0131r. Uygun g\u00f6rmeniz halinde \u0130K Firma yetkilileri ve uygunluklar\u0131na g\u00f6re talep eden Birim yetkilileri ile kar\u015f\u0131l\u0131kl\u0131 g\u00f6r\u00fc\u015ferek talebin nedeni, amac\u0131m\u0131z ve varsa mesajlar\u0131m\u0131z al\u0131n\u0131r. E\u011fitim tasar\u0131m uzmanlar\u0131 taraf\u0131ndan i\u00e7erik nihai haline getirilir. Sunum, kullan\u0131lacak dok\u00fcmanlar ve videolar yetkililer ile payla\u015f\u0131larak uygunluklar\u0131 al\u0131n\u0131r ve uygulamaya ge\u00e7ilir.<\/p>\n<\/details>\n\n\n\n<details class=\"wp-block-details has-black-color has-text-color has-link-color has-medium-font-size wp-elements-d867d46a914e07c83440773e9210dc73 is-layout-flow wp-block-details-is-layout-flow\"><summary><strong>E\u011fitim i\u00e7eriklerini nas\u0131l haz\u0131rlamaktas\u0131n\u0131z?<\/strong><\/summary>\n<p class=\"has-black-color has-text-color has-link-color wp-elements-db34b20f518dfbceec42aa164125cad5\">E\u011fitim i\u00e7erikleri; sekt\u00f6r, departman ve \u00e7al\u0131\u015fan seviyelerine g\u00f6re \u00f6zelle\u015ftirilir. Herkese ayn\u0131 e\u011fitim yerine, firman\u0131z\u0131n ihtiya\u00e7lar\u0131na uygun olarak E\u011fitim Tasar\u0131mc\u0131lar\u0131 taraf\u0131ndan i\u00e7erikler haz\u0131rlan\u0131r. Firma onay\u0131 sonras\u0131 uygulamaya al\u0131n\u0131r.&nbsp;<\/p>\n<\/details>\n\n\n\n<details class=\"wp-block-details has-black-color has-text-color has-link-color has-medium-font-size wp-elements-e585d23ea441e073090ce4c39253d653 is-layout-flow wp-block-details-is-layout-flow\"><summary><strong>E\u011fitimlerin s\u00fcresi ne kadar?<\/strong><\/summary>\n<p class=\"has-black-color has-text-color has-link-color has-medium-font-size wp-elements-9cf0601c89bf1e6543f3caa425f91063\">Kurumsal e\u011fitimler genellikle 1\/2, 1 veya 2 g\u00fcn olacak \u015fekilde planlan\u0131r. S\u00fcre, \u00e7al\u0131\u015fanlar\u0131n mevcut seviyesi ve hedeflenen kazan\u0131mlara g\u00f6re esnek olarak belirlenebilir.<\/p>\n<\/details>\n\n\n\n<details class=\"wp-block-details has-black-color has-text-color has-link-color has-medium-font-size wp-elements-92475702ac4e1104ac51491a322c33ed is-layout-flow wp-block-details-is-layout-flow\"><summary><strong>E\u011fitimler sonunda sertifika veriliyor mu?<\/strong><\/summary>\n<p class=\"has-black-color has-text-color has-link-color has-medium-font-size wp-elements-904b6a45858c077c4a53a1bf308944e4\">E\u011fer Firma taraf\u0131ndan istenmi\u015f ise E\u011fitimi ba\u015far\u0131yla tamamlayan t\u00fcm kat\u0131l\u0131mc\u0131lara Ba\u015far\u0131 Belgesi verilir ve HR ekiplerine toplu rapor olarak sunulur.&nbsp;<\/p>\n<\/details>\n\n\n\n<details class=\"wp-block-details has-black-color has-text-color has-link-color has-medium-font-size wp-elements-8c6c6844a5bcc89b396f12a828d1c49c is-layout-flow wp-block-details-is-layout-flow\"><summary><strong>E\u011fitmenlerin deneyimleri<\/strong><\/summary>\n<p class=\"has-black-color has-text-color has-link-color has-medium-font-size wp-elements-437e1d494566a6b36c815f3fe3eb2b07\">E\u011fitimler, yurti\u00e7i ve yurtd\u0131\u015f\u0131 deneyimli sekt\u00f6r deneyimi 20+ y\u0131ll\u0131k saha deneyimine sahip e\u011fitim hangi alanda o alanda deneyim kazanm\u0131\u015f e\u011fitimciler taraf\u0131ndan verilmektedir.&nbsp;<\/p>\n<\/details>\n\n\n\n<details class=\"wp-block-details has-black-color has-text-color has-link-color has-medium-font-size wp-elements-32d8e6c7c89d425a4bbfe693c9404e74 is-layout-flow wp-block-details-is-layout-flow\"><summary><strong>On-line ile canl\u0131 e\u011fitim aras\u0131ndaki fark nedi<\/strong>r?<\/summary>\n<p class=\"has-black-color has-text-color has-link-color has-medium-font-size wp-elements-f244a2be81a2ca7fe59492cb4adbcef8\">Online e\u011fitimler zamandan ve mek\u00e2ndan ba\u011f\u0131ms\u0131z kat\u0131l\u0131m imk\u00e2n\u0131 sunar. Canl\u0131 e\u011fitimlerde ise etkile\u015fim, uygulama ve soru\u2013cevap s\u00fcresi daha yo\u011fundur. Her iki model de kurum ihtiya\u00e7lar\u0131na g\u00f6re tercih edilebilir.<\/p>\n<\/details>\n\n\n\n<details class=\"wp-block-details has-black-color has-text-color has-link-color has-medium-font-size wp-elements-586b9a9ad4b01ef55ab1dd108ff5554a is-layout-flow wp-block-details-is-layout-flow\"><summary><strong>E\u011fitimler i\u00e7in bireysel talep al\u0131yor musunuz?<\/strong><\/summary>\n<p class=\"has-black-color has-text-color has-link-color has-medium-font-size wp-elements-3a3079ed8e3a02716dabc23222cd6638\">Hay\u0131r, sadece kurumlardan gelen talepleri kar\u015f\u0131lamaktay\u0131z.<\/p>\n<\/details>\n\n\n\n<p><\/p>\n","protected":false},"excerpt":{"rendered":"<p>Kurumsal e\u011fitimler hakk\u0131nda merak ettikleriniz ve e\u011fitim s\u00fcre\u00e7lerimizle ilgili detayl\u0131 bilgilere buradan ula\u015fabilirsiniz:<\/p>\n","protected":false},"author":1,"featured_media":0,"parent":0,"menu_order":0,"comment_status":"closed","ping_status":"closed","template":"","meta":{"footnotes":""},"class_list":["post-789","page","type-page","status-publish","hentry"],"_links":{"self":[{"href":"https:\/\/ngndanismanlik.com\/index.php?rest_route=\/wp\/v2\/pages\/789","targetHints":{"allow":["GET"]}}],"collection":[{"href":"https:\/\/ngndanismanlik.com\/index.php?rest_route=\/wp\/v2\/pages"}],"about":[{"href":"https:\/\/ngndanismanlik.com\/index.php?rest_route=\/wp\/v2\/types\/page"}],"author":[{"embeddable":true,"href":"https:\/\/ngndanismanlik.com\/index.php?rest_route=\/wp\/v2\/users\/1"}],"replies":[{"embeddable":true,"href":"https:\/\/ngndanismanlik.com\/index.php?rest_route=%2Fwp%2Fv2%2Fcomments&post=789"}],"version-history":[{"count":6,"href":"https:\/\/ngndanismanlik.com\/index.php?rest_route=\/wp\/v2\/pages\/789\/revisions"}],"predecessor-version":[{"id":900,"href":"https:\/\/ngndanismanlik.com\/index.php?rest_route=\/wp\/v2\/pages\/789\/revisions\/900"}],"wp:attachment":[{"href":"https:\/\/ngndanismanlik.com\/index.php?rest_route=%2Fwp%2Fv2%2Fmedia&parent=789"}],"curies":[{"name":"wp","href":"https:\/\/api.w.org\/{rel}","templated":true}]}}