{"id":591,"date":"2026-02-12T16:55:18","date_gmt":"2026-02-12T13:55:18","guid":{"rendered":"https:\/\/ngndanismanlik.com\/?page_id=591"},"modified":"2026-02-17T14:34:03","modified_gmt":"2026-02-17T11:34:03","slug":"kurumsal-egitimler","status":"publish","type":"page","link":"https:\/\/ngndanismanlik.com\/?page_id=591","title":{"rendered":"KURUMSAL E\u011e\u0130T\u0130MLER"},"content":{"rendered":"<div class=\"wp-block-image is-style-default\">\n<figure class=\"aligncenter size-large is-resized\"><img loading=\"lazy\" decoding=\"async\" width=\"1024\" height=\"673\" src=\"https:\/\/ngndanismanlik.com\/wp-content\/uploads\/2026\/02\/Ekran-Resmi-2026-02-10-16.31.33-2-1024x673.png\" alt=\"\" class=\"wp-image-682\" style=\"aspect-ratio:1.5217391304347827;object-fit:cover;width:696px;height:auto\" srcset=\"https:\/\/ngndanismanlik.com\/wp-content\/uploads\/2026\/02\/Ekran-Resmi-2026-02-10-16.31.33-2-1024x673.png 1024w, https:\/\/ngndanismanlik.com\/wp-content\/uploads\/2026\/02\/Ekran-Resmi-2026-02-10-16.31.33-2-300x197.png 300w, https:\/\/ngndanismanlik.com\/wp-content\/uploads\/2026\/02\/Ekran-Resmi-2026-02-10-16.31.33-2-768x505.png 768w, https:\/\/ngndanismanlik.com\/wp-content\/uploads\/2026\/02\/Ekran-Resmi-2026-02-10-16.31.33-2.png 1214w\" sizes=\"auto, (max-width: 1024px) 100vw, 1024px\" \/><\/figure>\n<\/div>\n\n\n<figure class=\"wp-block-gallery has-nested-images columns-default is-cropped wp-block-gallery-1 is-layout-flex wp-block-gallery-is-layout-flex\"><div class=\"wp-block-image\">\n<figure class=\"aligncenter size-large\"><img loading=\"lazy\" decoding=\"async\" width=\"1024\" height=\"582\" data-id=\"683\" src=\"https:\/\/ngndanismanlik.com\/wp-content\/uploads\/2026\/02\/Ekran-Resmi-2026-02-12-16.46.20-1024x582.png\" alt=\"\" class=\"wp-image-683\" srcset=\"https:\/\/ngndanismanlik.com\/wp-content\/uploads\/2026\/02\/Ekran-Resmi-2026-02-12-16.46.20-1024x582.png 1024w, https:\/\/ngndanismanlik.com\/wp-content\/uploads\/2026\/02\/Ekran-Resmi-2026-02-12-16.46.20-300x170.png 300w, https:\/\/ngndanismanlik.com\/wp-content\/uploads\/2026\/02\/Ekran-Resmi-2026-02-12-16.46.20-768x436.png 768w, https:\/\/ngndanismanlik.com\/wp-content\/uploads\/2026\/02\/Ekran-Resmi-2026-02-12-16.46.20-1536x873.png 1536w, https:\/\/ngndanismanlik.com\/wp-content\/uploads\/2026\/02\/Ekran-Resmi-2026-02-12-16.46.20.png 1556w\" sizes=\"auto, (max-width: 1024px) 100vw, 1024px\" \/><\/figure>\n<\/div><\/figure>\n\n\n\n<figure class=\"wp-block-image size-large is-resized\"><img loading=\"lazy\" decoding=\"async\" width=\"1024\" height=\"377\" src=\"https:\/\/ngndanismanlik.com\/wp-content\/uploads\/2026\/02\/Ekran-Resmi-2026-02-12-17.09.08-1-1024x377.png\" alt=\"\" class=\"wp-image-748\" style=\"width:800px\" srcset=\"https:\/\/ngndanismanlik.com\/wp-content\/uploads\/2026\/02\/Ekran-Resmi-2026-02-12-17.09.08-1-1024x377.png 1024w, https:\/\/ngndanismanlik.com\/wp-content\/uploads\/2026\/02\/Ekran-Resmi-2026-02-12-17.09.08-1-300x111.png 300w, https:\/\/ngndanismanlik.com\/wp-content\/uploads\/2026\/02\/Ekran-Resmi-2026-02-12-17.09.08-1-768x283.png 768w, https:\/\/ngndanismanlik.com\/wp-content\/uploads\/2026\/02\/Ekran-Resmi-2026-02-12-17.09.08-1-1536x566.png 1536w, https:\/\/ngndanismanlik.com\/wp-content\/uploads\/2026\/02\/Ekran-Resmi-2026-02-12-17.09.08-1.png 1644w\" sizes=\"auto, (max-width: 1024px) 100vw, 1024px\" \/><\/figure>\n","protected":false},"excerpt":{"rendered":"","protected":false},"author":1,"featured_media":0,"parent":0,"menu_order":0,"comment_status":"closed","ping_status":"closed","template":"","meta":{"footnotes":""},"class_list":["post-591","page","type-page","status-publish","hentry"],"_links":{"self":[{"href":"https:\/\/ngndanismanlik.com\/index.php?rest_route=\/wp\/v2\/pages\/591","targetHints":{"allow":["GET"]}}],"collection":[{"href":"https:\/\/ngndanismanlik.com\/index.php?rest_route=\/wp\/v2\/pages"}],"about":[{"href":"https:\/\/ngndanismanlik.com\/index.php?rest_route=\/wp\/v2\/types\/page"}],"author":[{"embeddable":true,"href":"https:\/\/ngndanismanlik.com\/index.php?rest_route=\/wp\/v2\/users\/1"}],"replies":[{"embeddable":true,"href":"https:\/\/ngndanismanlik.com\/index.php?rest_route=%2Fwp%2Fv2%2Fcomments&post=591"}],"version-history":[{"count":12,"href":"https:\/\/ngndanismanlik.com\/index.php?rest_route=\/wp\/v2\/pages\/591\/revisions"}],"predecessor-version":[{"id":894,"href":"https:\/\/ngndanismanlik.com\/index.php?rest_route=\/wp\/v2\/pages\/591\/revisions\/894"}],"wp:attachment":[{"href":"https:\/\/ngndanismanlik.com\/index.php?rest_route=%2Fwp%2Fv2%2Fmedia&parent=591"}],"curies":[{"name":"wp","href":"https:\/\/api.w.org\/{rel}","templated":true}]}}