{"id":366,"date":"2023-12-11T11:56:57","date_gmt":"2023-12-11T08:56:57","guid":{"rendered":"https:\/\/ngndanismanlik.com\/?page_id=366"},"modified":"2026-02-15T13:54:02","modified_gmt":"2026-02-15T10:54:02","slug":"bugune-kadar-hizmet-verdigimiz-sirketler","status":"publish","type":"page","link":"https:\/\/ngndanismanlik.com\/?page_id=366","title":{"rendered":"REFERANSLARIMIZ"},"content":{"rendered":"\n<ul class=\"wp-block-list has-black-color has-text-color has-link-color wp-elements-2718004a8f97ac3c2131628f2483d3cc\">\n<li>ADIM PATENT<\/li>\n\n\n\n<li>ALARKO HOLD\u0130NG A.\u015e.<\/li>\n\n\n\n<li>AKBANK<\/li>\n\n\n\n<li>AK\u00c7A K\u0130MYEV\u0130 MADDELER NAKL\u0130YAT T\u0130C.SAN.A.\u015e.<\/li>\n\n\n\n<li>AKDEN\u0130Z FAKTOR\u0130NG A.\u015e.<\/li>\n\n\n\n<li>AL-TEK ALARKO ELEKTR\u0130K SAN. TES.\u0130\u015eL. VE T\u0130C.A.\u015e.<\/li>\n\n\n\n<li>ALARKO CARRIER SAN. VE T\u0130C. A.\u015e.<\/li>\n\n\n\n<li>ALARKO GAYR\u0130MENKUL YAT.ORTAKLI\u011eI A.\u015e.<\/li>\n\n\n\n<li>ALJ OTOMOT\u0130V A.\u015e.<\/li>\n\n\n\n<li>AL-S\u0130M ALARKO SAN. TES\u0130SLER VE T\u0130C.A.\u015e.<\/li>\n\n\n\n<li>ANTALYA ORGAN\u0130ZE SANAY\u0130<\/li>\n\n\n\n<li>ATTA\u015e ALARKO TUR\u0130ST\u0130K TES\u0130SLER A.\u015e.<\/li>\n\n\n\n<li>AYTEKS TEKST\u0130L SAN. VE T\u0130C.A.\u015e.<\/li>\n\n\n\n<li>BARUT OTELLER\u0130<\/li>\n\n\n\n<li>B\u0130M A.\u015e.<\/li>\n\n\n\n<li>B\u0130Z\u0130M TOPTAN MARKET<\/li>\n\n\n\n<li>BUP\u0130L\u0130\u00c7 ENTEGRE GIDA SAN. T\u0130C. A.\u015e.<\/li>\n\n\n\n<li>\u00c7E\u0130S<\/li>\n\n\n\n<li>COMPLETO D\u0130J\u0130TAL<\/li>\n\n\n\n<li>\u00c7AKABARA<\/li>\n\n\n\n<li>DAR\u00dc\u015e\u015eAFAKA<\/li>\n\n\n\n<li>DORUKMAK<\/li>\n\n\n\n<li>EMLAK KATILIM BANKASI<\/li>\n\n\n\n<li>ERDEM\u0130R<\/li>\n\n\n\n<li>ERLER TEKST\u0130L SAN. T\u0130C. A.\u015e.<\/li>\n\n\n\n<li>ERSEM<\/li>\n\n\n\n<li>F\u0130LMON BASKI \u00c7\u00d6Z\u00dcMLER\u0130<\/li>\n\n\n\n<li>FLO<\/li>\n\n\n\n<li>FLORMAR<\/li>\n\n\n\n<li>HALK HAYAT EMEKL\u0130L\u0130K<\/li>\n\n\n\n<li>ICBC TURKEY BANK A.\u015e.<\/li>\n\n\n\n<li>IRM D\u0130J\u0130TAL BASKI VE MATBAACILIK<\/li>\n\n\n\n<li>\u0130SDEM\u0130R<\/li>\n\n\n\n<li>\u0130STANBUL SANAY\u0130 ODASI &#8211; \u0130SO<\/li>\n\n\n\n<li>\u0130ZOCAM T\u0130C. VE SAN. A.\u015e.<\/li>\n\n\n\n<li>K\u0130BAR HOLD\u0130NG A.\u015e.<\/li>\n\n\n\n<li>KO\u00c7TA\u015e YAPI MARKETLER\u0130 T\u0130C.A.\u015e.<\/li>\n\n\n\n<li>KUVEYT T\u00dcRK KATILIM BANKASI A.\u015e.<\/li>\n\n\n\n<li>MERAM ELEKTR\u0130K DA\u011eITIM A.\u015e.<\/li>\n\n\n\n<li>MERCANLAR OTOMOT\u0130V T\u0130C. A.\u015e.<\/li>\n\n\n\n<li>M\u0130GROS T\u0130C.A.\u015e.<\/li>\n\n\n\n<li>NTT DATA BUSINESS SOLUTIONS<\/li>\n\n\n\n<li>ORMA ORMAN MAHSULLER\u0130 ENTEGRE SAN. VE T\u0130C. A.\u015e.<\/li>\n\n\n\n<li>OTOKAR OTOMOT\u0130V VE SAVUNMA SAN A.\u015e.<\/li>\n\n\n\n<li>\u00d6NER BELGELEND\u0130RME<\/li>\n\n\n\n<li>PFIZER<\/li>\n\n\n\n<li>RM \u0130STANBUL REKLAMCILIK SAN. VE T\u0130C.A.\u015e.<\/li>\n\n\n\n<li>S\u0130AD<\/li>\n\n\n\n<li>STAR AL\u00dcM\u0130NYUM PAZ. SAN. VE T\u0130C. A.\u015e.<\/li>\n\n\n\n<li>T\u00dcRK EKONOM\u0130 BANKASI A.\u015e.<\/li>\n\n\n\n<li>TORUN BAKIR ALA\u015eIMLARI METAL SAN. VE T\u0130C. A.\u015e.<\/li>\n\n\n\n<li>T\u00dcRK TELEKOM\u00dcN\u0130KASYON A.\u015e.<\/li>\n\n\n\n<li>T\u00dcRK\u0130YE EMLAK KATILIM BANKASI A.\u015e.<\/li>\n\n\n\n<li>T\u00dcRK\u0130YE F\u0130NANS KATILIM BANKASI A.\u015e.<\/li>\n\n\n\n<li>T\u00dcRK\u0130YE PETROLLER\u0130 ANON\u0130M ORTAKLI\u011eI<\/li>\n\n\n\n<li>VAKIF KATILIM BANKASI A.\u015e.<\/li>\n\n\n\n<li>VAKIF PAZ. SAN. VE T\u0130C. A.\u015e.<\/li>\n\n\n\n<li>T\u00dcRK\u0130YE VAKIFLAR BANKASI T\u00dcRK ANON\u0130M ORTAKLI\u011eI <\/li>\n\n\n\n<li>VESTEL ELEKTRON\u0130K SAN. VE T\u0130C. A.\u015e.<\/li>\n\n\n\n<li>VODAFONE TELEKOM\u00dcN\u0130KASYON A.\u015e.<\/li>\n\n\n\n<li>YAPARLAR<\/li>\n\n\n\n<li>YEN\u0130DEN B\u0130Z<\/li>\n\n\n\n<li>Y\u00d6RS\u0130AD<\/li>\n\n\n\n<li>Z\u0130RAAT KATILIM BANKASI A.\u015e.<\/li>\n\n\n\n<li>ZORLU DI\u015e T\u0130C. A.\u015e.<\/li>\n\n\n\n<li>Z\u00dcLF\u0130KARLAR HOLD\u0130NG A.\u015e.<\/li>\n<\/ul>\n","protected":false},"excerpt":{"rendered":"","protected":false},"author":1,"featured_media":0,"parent":0,"menu_order":0,"comment_status":"closed","ping_status":"closed","template":"","meta":{"footnotes":""},"class_list":["post-366","page","type-page","status-publish","hentry"],"_links":{"self":[{"href":"https:\/\/ngndanismanlik.com\/index.php?rest_route=\/wp\/v2\/pages\/366","targetHints":{"allow":["GET"]}}],"collection":[{"href":"https:\/\/ngndanismanlik.com\/index.php?rest_route=\/wp\/v2\/pages"}],"about":[{"href":"https:\/\/ngndanismanlik.com\/index.php?rest_route=\/wp\/v2\/types\/page"}],"author":[{"embeddable":true,"href":"https:\/\/ngndanismanlik.com\/index.php?rest_route=\/wp\/v2\/users\/1"}],"replies":[{"embeddable":true,"href":"https:\/\/ngndanismanlik.com\/index.php?rest_route=%2Fwp%2Fv2%2Fcomments&post=366"}],"version-history":[{"count":13,"href":"https:\/\/ngndanismanlik.com\/index.php?rest_route=\/wp\/v2\/pages\/366\/revisions"}],"predecessor-version":[{"id":823,"href":"https:\/\/ngndanismanlik.com\/index.php?rest_route=\/wp\/v2\/pages\/366\/revisions\/823"}],"wp:attachment":[{"href":"https:\/\/ngndanismanlik.com\/index.php?rest_route=%2Fwp%2Fv2%2Fmedia&parent=366"}],"curies":[{"name":"wp","href":"https:\/\/api.w.org\/{rel}","templated":true}]}}