{"id":32,"date":"2023-03-23T17:18:54","date_gmt":"2023-03-23T14:18:54","guid":{"rendered":"https:\/\/ngndanismanlik.com\/?page_id=32"},"modified":"2026-02-15T13:57:03","modified_gmt":"2026-02-15T10:57:03","slug":"biz-kimiz","status":"publish","type":"page","link":"https:\/\/ngndanismanlik.com\/?page_id=32","title":{"rendered":"B\u0130Z K\u0130M\u0130Z"},"content":{"rendered":"\n<figure class=\"wp-block-image size-large\"><img loading=\"lazy\" decoding=\"async\" width=\"1024\" height=\"566\" src=\"https:\/\/ngndanismanlik.com\/wp-content\/uploads\/2026\/02\/Ekran-Resmi-2026-02-12-18.06.03-1024x566.png\" alt=\"\" class=\"wp-image-757\" srcset=\"https:\/\/ngndanismanlik.com\/wp-content\/uploads\/2026\/02\/Ekran-Resmi-2026-02-12-18.06.03-1024x566.png 1024w, https:\/\/ngndanismanlik.com\/wp-content\/uploads\/2026\/02\/Ekran-Resmi-2026-02-12-18.06.03-300x166.png 300w, https:\/\/ngndanismanlik.com\/wp-content\/uploads\/2026\/02\/Ekran-Resmi-2026-02-12-18.06.03-768x424.png 768w, https:\/\/ngndanismanlik.com\/wp-content\/uploads\/2026\/02\/Ekran-Resmi-2026-02-12-18.06.03-1536x849.png 1536w, https:\/\/ngndanismanlik.com\/wp-content\/uploads\/2026\/02\/Ekran-Resmi-2026-02-12-18.06.03.png 1708w\" sizes=\"auto, (max-width: 1024px) 100vw, 1024px\" \/><\/figure>\n\n\n\n<figure class=\"wp-block-image size-large\"><img loading=\"lazy\" decoding=\"async\" width=\"1024\" height=\"569\" src=\"https:\/\/ngndanismanlik.com\/wp-content\/uploads\/2026\/02\/Ekran-Resmi-2026-02-12-18.07.12-1024x569.png\" alt=\"\" class=\"wp-image-758\" srcset=\"https:\/\/ngndanismanlik.com\/wp-content\/uploads\/2026\/02\/Ekran-Resmi-2026-02-12-18.07.12-1024x569.png 1024w, https:\/\/ngndanismanlik.com\/wp-content\/uploads\/2026\/02\/Ekran-Resmi-2026-02-12-18.07.12-300x167.png 300w, https:\/\/ngndanismanlik.com\/wp-content\/uploads\/2026\/02\/Ekran-Resmi-2026-02-12-18.07.12-768x426.png 768w, https:\/\/ngndanismanlik.com\/wp-content\/uploads\/2026\/02\/Ekran-Resmi-2026-02-12-18.07.12-1536x853.png 1536w, https:\/\/ngndanismanlik.com\/wp-content\/uploads\/2026\/02\/Ekran-Resmi-2026-02-12-18.07.12.png 1700w\" sizes=\"auto, (max-width: 1024px) 100vw, 1024px\" \/><\/figure>\n\n\n\n<p class=\"has-text-align-center has-black-color has-white-background-color has-text-color has-background has-medium-font-size\"><\/p>\n\n\n\n<p class=\"has-text-align-center has-black-color has-white-background-color has-text-color has-background has-medium-font-size\"><\/p>\n\n\n\n<p class=\"has-text-align-center has-black-color has-white-background-color has-text-color has-background has-link-color has-medium-font-size wp-elements-6b96605d73e37eb9a3a8be68085fcda5\"><\/p>\n\n\n\n<p class=\"has-text-align-center has-black-color has-white-background-color has-text-color has-background has-link-color has-medium-font-size wp-elements-6b96605d73e37eb9a3a8be68085fcda5\"><\/p>\n\n\n\n<p class=\"has-black-color has-white-background-color has-text-color has-background has-medium-font-size\"><\/p>\n\n\n\n<p class=\"has-black-color has-white-background-color has-text-color has-background has-medium-font-size\"><\/p>\n\n\n\n<p class=\"has-black-color has-white-background-color has-text-color has-background has-medium-font-size\"><\/p>\n\n\n\n<p class=\"has-black-color has-white-background-color has-text-color has-background has-medium-font-size\"><\/p>\n\n\n\n<p class=\"has-black-color has-white-background-color has-text-color has-background has-medium-font-size\"><\/p>\n\n\n\n<p><\/p>\n","protected":false},"excerpt":{"rendered":"","protected":false},"author":1,"featured_media":0,"parent":0,"menu_order":0,"comment_status":"closed","ping_status":"closed","template":"","meta":{"footnotes":""},"class_list":["post-32","page","type-page","status-publish","hentry"],"_links":{"self":[{"href":"https:\/\/ngndanismanlik.com\/index.php?rest_route=\/wp\/v2\/pages\/32","targetHints":{"allow":["GET"]}}],"collection":[{"href":"https:\/\/ngndanismanlik.com\/index.php?rest_route=\/wp\/v2\/pages"}],"about":[{"href":"https:\/\/ngndanismanlik.com\/index.php?rest_route=\/wp\/v2\/types\/page"}],"author":[{"embeddable":true,"href":"https:\/\/ngndanismanlik.com\/index.php?rest_route=\/wp\/v2\/users\/1"}],"replies":[{"embeddable":true,"href":"https:\/\/ngndanismanlik.com\/index.php?rest_route=%2Fwp%2Fv2%2Fcomments&post=32"}],"version-history":[{"count":14,"href":"https:\/\/ngndanismanlik.com\/index.php?rest_route=\/wp\/v2\/pages\/32\/revisions"}],"predecessor-version":[{"id":827,"href":"https:\/\/ngndanismanlik.com\/index.php?rest_route=\/wp\/v2\/pages\/32\/revisions\/827"}],"wp:attachment":[{"href":"https:\/\/ngndanismanlik.com\/index.php?rest_route=%2Fwp%2Fv2%2Fmedia&parent=32"}],"curies":[{"name":"wp","href":"https:\/\/api.w.org\/{rel}","templated":true}]}}